{"id":3609,"date":"2024-10-06T03:22:56","date_gmt":"2024-10-06T03:22:56","guid":{"rendered":"https:\/\/hotelitolossuenos.com\/?page_id=3609"},"modified":"2025-10-02T02:19:37","modified_gmt":"2025-10-02T02:19:37","slug":"prices","status":"publish","type":"page","link":"https:\/\/hotelitolossuenos.com\/es\/prices\/","title":{"rendered":"Precios"},"content":{"rendered":"<div data-elementor-type=\"wp-page\" data-elementor-id=\"3609\" class=\"elementor elementor-3609\">\n\t\t\t\t\t\t<section class=\"elementor-section elementor-top-section elementor-element elementor-element-094d4fa elementor-section-content-middle elementor-hidden-desktop elementor-hidden-tablet elementor-hidden-mobile elementor-section-boxed elementor-section-height-default elementor-section-height-default\" data-id=\"094d4fa\" data-element_type=\"section\" data-e-type=\"section\">\n\t\t\t\t\t\t<div class=\"elementor-container elementor-column-gap-no\">\n\t\t\t\t\t<div class=\"elementor-column elementor-col-100 elementor-top-column elementor-element elementor-element-24b67d3\" data-id=\"24b67d3\" data-element_type=\"column\" data-e-type=\"column\">\n\t\t\t<div class=\"elementor-widget-wrap elementor-element-populated\">\n\t\t\t\t\t\t<div class=\"elementor-element elementor-element-631a3c9 elementor-widget elementor-widget-cs_title\" data-id=\"631a3c9\" data-element_type=\"widget\" data-e-type=\"widget\" data-widget_type=\"cs_title.default\">\n\t\t\t\t<div class=\"elementor-widget-container\">\n\t\t\t\t\t\n        <div class=\"cs-title-wrap text-center\">\t            <h4 class=\"cs-title\">\n\t                Precios\t            <\/h4>        <\/div>\t\t\t\t<\/div>\n\t\t\t\t<\/div>\n\t\t\t\t\t<\/div>\n\t\t<\/div>\n\t\t\t\t\t<\/div>\n\t\t<\/section>\n\t\t\t\t<section class=\"elementor-section elementor-top-section elementor-element elementor-element-0b7abda elementor-section-content-middle elementor-reverse-tablet elementor-reverse-mobile elementor-section-boxed elementor-section-height-default elementor-section-height-default\" data-id=\"0b7abda\" data-element_type=\"section\" data-e-type=\"section\">\n\t\t\t\t\t\t<div class=\"elementor-container elementor-column-gap-no\">\n\t\t\t\t\t<div class=\"elementor-column elementor-col-50 elementor-top-column elementor-element elementor-element-a251182\" data-id=\"a251182\" data-element_type=\"column\" data-e-type=\"column\">\n\t\t\t<div class=\"elementor-widget-wrap elementor-element-populated\">\n\t\t\t\t\t\t<div class=\"elementor-element elementor-element-1f604d6 elementor-widget elementor-widget-cs_title\" data-id=\"1f604d6\" data-element_type=\"widget\" data-e-type=\"widget\" data-widget_type=\"cs_title.default\">\n\t\t\t\t<div class=\"elementor-widget-container\">\n\t\t\t\t\t\n        <div class=\"cs-title-wrap\">\t            <h3 class=\"cs-title\">\n\t                Yoga para Hu\u00e9spedes\t            <\/h3>\t            <div class=\"cs-title-text\">\n\t                <ul><li>50% de descuento en todas las clases de yoga y pases.<\/li><li>Qu\u00e9date 5 noches o m\u00e1s y recibe 1 clase de yoga gratis.<br \/><small>Nota: Solo reservando directamente con hotelito, no aplica para OTAs \u0301s<\/small><\/li><\/ul>\t            <\/div>        <\/div>\t\t\t\t<\/div>\n\t\t\t\t<\/div>\n\t\t\t\t\t<\/div>\n\t\t<\/div>\n\t\t\t\t<div class=\"elementor-column elementor-col-50 elementor-top-column elementor-element elementor-element-781ec38\" data-id=\"781ec38\" data-element_type=\"column\" data-e-type=\"column\">\n\t\t\t<div class=\"elementor-widget-wrap elementor-element-populated\">\n\t\t\t\t\t\t<section class=\"elementor-section elementor-inner-section elementor-element elementor-element-0f3f00d elementor-section-boxed elementor-section-height-default elementor-section-height-default\" data-id=\"0f3f00d\" data-element_type=\"section\" data-e-type=\"section\">\n\t\t\t\t\t\t<div class=\"elementor-container elementor-column-gap-no\">\n\t\t\t\t\t<div class=\"elementor-column elementor-col-100 elementor-inner-column elementor-element elementor-element-c01bdf6\" data-id=\"c01bdf6\" data-element_type=\"column\" data-e-type=\"column\">\n\t\t\t<div class=\"elementor-widget-wrap elementor-element-populated\">\n\t\t\t\t\t\t<div class=\"elementor-element elementor-element-ba685ee elementor-widget__width-initial elementor-widget elementor-widget-video\" data-id=\"ba685ee\" data-element_type=\"widget\" data-e-type=\"widget\" data-settings=\"{&quot;video_type&quot;:&quot;hosted&quot;,&quot;controls&quot;:&quot;yes&quot;}\" data-widget_type=\"video.default\">\n\t\t\t\t<div class=\"elementor-widget-container\">\n\t\t\t\t\t\t\t<div class=\"e-hosted-video elementor-wrapper elementor-open-inline\">\n\t\t\t\t\t<video class=\"elementor-video\" src=\"https:\/\/hotelitolossuenos.com\/wp-content\/uploads\/2024\/09\/Yoga-02.mp4\" controls=\"\" preload=\"metadata\" controlslist=\"nodownload\"><\/video>\n\t\t\t\t<\/div>\n\t\t\t\t\t\t<\/div>\n\t\t\t\t<\/div>\n\t\t\t\t\t<\/div>\n\t\t<\/div>\n\t\t\t\t\t<\/div>\n\t\t<\/section>\n\t\t\t\t\t<\/div>\n\t\t<\/div>\n\t\t\t\t\t<\/div>\n\t\t<\/section>\n\t\t\t\t<section class=\"elementor-section elementor-top-section elementor-element elementor-element-2d93d52 elementor-section-content-middle elementor-section-boxed elementor-section-height-default elementor-section-height-default\" data-id=\"2d93d52\" data-element_type=\"section\" data-e-type=\"section\">\n\t\t\t\t\t\t<div class=\"elementor-container elementor-column-gap-no\">\n\t\t\t\t\t<div class=\"elementor-column elementor-col-33 elementor-top-column elementor-element elementor-element-dd57dbe\" data-id=\"dd57dbe\" data-element_type=\"column\" data-e-type=\"column\">\n\t\t\t<div class=\"elementor-widget-wrap elementor-element-populated\">\n\t\t\t\t\t\t<div class=\"elementor-element elementor-element-1f58e5d elementor-widget elementor-widget-video\" data-id=\"1f58e5d\" data-element_type=\"widget\" data-e-type=\"widget\" data-settings=\"{&quot;video_type&quot;:&quot;hosted&quot;,&quot;controls&quot;:&quot;yes&quot;}\" data-widget_type=\"video.default\">\n\t\t\t\t<div class=\"elementor-widget-container\">\n\t\t\t\t\t\t\t<div class=\"e-hosted-video elementor-wrapper elementor-open-inline\">\n\t\t\t\t\t<video class=\"elementor-video\" src=\"https:\/\/hotelitolossuenos.com\/wp-content\/uploads\/2024\/09\/Yoga-03.mp4\" controls=\"\" preload=\"metadata\" controlslist=\"nodownload\"><\/video>\n\t\t\t\t<\/div>\n\t\t\t\t\t\t<\/div>\n\t\t\t\t<\/div>\n\t\t\t\t\t<\/div>\n\t\t<\/div>\n\t\t\t\t<div class=\"elementor-column elementor-col-33 elementor-top-column elementor-element elementor-element-0794558\" data-id=\"0794558\" data-element_type=\"column\" data-e-type=\"column\">\n\t\t\t<div class=\"elementor-widget-wrap elementor-element-populated\">\n\t\t\t\t\t\t<div class=\"elementor-element elementor-element-d72ba39 elementor-widget elementor-widget-cs_title\" data-id=\"d72ba39\" data-element_type=\"widget\" data-e-type=\"widget\" data-widget_type=\"cs_title.default\">\n\t\t\t\t<div class=\"elementor-widget-container\">\n\t\t\t\t\t\n        <div class=\"cs-title-wrap\">\t            <h3 class=\"cs-title\">\n\t                Pase para Clases\t            <\/h3>\t            <div class=\"cs-title-text\">\n\t                <ul><li>Inscripci\u00f3n<ul><li>Cash $250 m\/n<\/li><li>Credit Card $275 m\/n<\/li><\/ul><\/li><li>Pase de Cinco Clases<ul><li>Cash $1,000 m\/n<\/li><li>Credit Card $1,100 m\/n<br \/><em>Valido por 3 meses<\/em><\/li><\/ul><\/li><li>Pase de Diez Clases<ul><li>Cash $1,800 m\/n<\/li><li>Credit Card $1,900 m\/n<br \/><em>Compartido entre 2 personas\/ Valido por 3 meses<\/em><\/li><\/ul><\/li><\/ul>\t            <\/div>        <\/div>\t\t\t\t<\/div>\n\t\t\t\t<\/div>\n\t\t\t\t\t<\/div>\n\t\t<\/div>\n\t\t\t\t<div class=\"elementor-column elementor-col-33 elementor-top-column elementor-element elementor-element-85a2a0a\" data-id=\"85a2a0a\" data-element_type=\"column\" data-e-type=\"column\">\n\t\t\t<div class=\"elementor-widget-wrap elementor-element-populated\">\n\t\t\t\t\t\t<div class=\"elementor-element elementor-element-cd48cb3 elementor-widget elementor-widget-cs_title\" data-id=\"cd48cb3\" data-element_type=\"widget\" data-e-type=\"widget\" data-widget_type=\"cs_title.default\">\n\t\t\t\t<div class=\"elementor-widget-container\">\n\t\t\t\t\t\n        <div class=\"cs-title-wrap\">\t            <div class=\"cs-title-text\">\n\t                <ul><li>Pase de Veinte Clases<ul><li>Cash $3,000 m\/n<\/li><li>Credit Card $3,300 m\/n<br \/><em>Compartido hasta con 4 personas \/ Valido por 6 meses<\/em><\/li><\/ul><\/li><li>Semana Ilimitada<ul><li>Cash $1,000<\/li><li>Tarjeta de Cr\u00e9dito $1,200<\/li><\/ul><\/li><li>Mes Ilimitado<ul><li>Cash $2,600 m\/n<\/li><li>Tarjeta de Cr\u00e9dito $2,800 m\/n<\/li><\/ul><\/li><\/ul>\t            <\/div>        <\/div>\t\t\t\t<\/div>\n\t\t\t\t<\/div>\n\t\t\t\t\t<\/div>\n\t\t<\/div>\n\t\t\t\t\t<\/div>\n\t\t<\/section>\n\t\t\t\t<section class=\"elementor-section elementor-top-section elementor-element elementor-element-a3f043d elementor-section-content-middle elementor-section-boxed elementor-section-height-default elementor-section-height-default\" data-id=\"a3f043d\" data-element_type=\"section\" data-e-type=\"section\">\n\t\t\t\t\t\t<div class=\"elementor-container elementor-column-gap-no\">\n\t\t\t\t\t<div class=\"elementor-column elementor-col-100 elementor-top-column elementor-element elementor-element-a741154\" data-id=\"a741154\" data-element_type=\"column\" data-e-type=\"column\">\n\t\t\t<div class=\"elementor-widget-wrap elementor-element-populated\">\n\t\t\t\t\t\t<div class=\"elementor-element elementor-element-ec2f9dd elementor-widget elementor-widget-cs_title\" data-id=\"ec2f9dd\" data-element_type=\"widget\" data-e-type=\"widget\" data-widget_type=\"cs_title.default\">\n\t\t\t\t<div class=\"elementor-widget-container\">\n\t\t\t\t\t\n        <div class=\"cs-title-wrap\">\t            <h3 class=\"cs-title\">\n\t                T\u00e9rminos y Condiciones\t            <\/h3>\t            <div class=\"cs-title-text\">\n\t                <ul><li>Tarjetas de Cr\u00e9dito son aceptadas con una peque\u00f1a cuota<\/li><li>Todos nuestros hu\u00e9spedes reciben un descuento del 50% en las clases de Yoga<\/li><li>Las reservaciones de hotel directamente con nosotros por 5 d\u00edas (a trav\u00e9s de nuestro sitio web, correo electr\u00f3nico o tel\u00e9fono) reciben una clase de yoga gratuita por persona.<\/li><\/ul>\t            <\/div>        <\/div>\t\t\t\t<\/div>\n\t\t\t\t<\/div>\n\t\t\t\t\t<\/div>\n\t\t<\/div>\n\t\t\t\t\t<\/div>\n\t\t<\/section>\n\t\t\t\t<\/div>","protected":false},"excerpt":{"rendered":"<p>Prices Yoga for guests 50% off all yoga classes and passes. Stay 5 nights or more and receive 1 free yoga class.Note: Only booking directly with hotelito, does not apply for OTA\u2019s https:\/\/hotelitolossuenos.com\/wp-content\/uploads\/2024\/09\/Yoga-02.mp4https:\/\/hotelitolossuenos.com\/wp-content\/uploads\/2024\/09\/Yoga-03.mp4 Class pass Drop In: Cash $250 m\/n Credit Card $275 m\/n Five Class Pass: Cash $1,000 m\/n Credit Card $1,100 m\/nValid for &#8230;<\/p>","protected":false},"author":1,"featured_media":3197,"parent":0,"menu_order":0,"comment_status":"closed","ping_status":"closed","template":"","meta":{"cozystay_single_page_hide_site_header":"","cozystay_single_page_site_header_source":"","cozystay_single_page_custom_site_header":"0","cozystay_single_page_custom_sticky_site_header":"0","cozystay_single_page_hide_page_title":"","cozystay_single_page_header_section_size":"","cozystay_single_page_header_background_color":"","cozystay_single_page_header_background_position_x":"center","cozystay_single_page_header_background_position_y":"center","cozystay_single_page_header_background_size":"cover","cozystay_single_page_header_background_repeat":"off","cozystay_single_page_header_background_scroll":"on","cozystay_single_page_header_text_color":"","cozystay_single_page_header_show_breadcrumb":"","cozystay_single_page_site_footer_hide_main":"","cozystay_single_custom_site_footer_main_source":"","cozystay_single_custom_site_footer_main":"0","cozystay_single_page_site_footer_hide_above":"","cozystay_single_custom_site_footer_above_source":"","cozystay_single_custom_site_footer_above":"0","cozystay_single_page_site_footer_hide_instagram":"","cozystay_single_page_site_footer_hide_bottom":"","cozystay_single_custom_mobile_menu_source":"","cozystay_single_custom_mobile_menu":"0","cozystay_single_custom_mobile_menu_animation":"","cozystay_single_custom_mobile_menu_width":"","cozystay_single_custom_mobile_menu_custom_width":375,"footnotes":""},"class_list":["post-3609","page","type-page","status-publish","has-post-thumbnail","hentry"],"yoast_head":"<!-- This site is optimized with the Yoast SEO plugin v27.3 - https:\/\/yoast.com\/product\/yoast-seo-wordpress\/ -->\n<title>Prices - Hotelito Los Sue&ntilde;os<\/title>\n<meta name=\"robots\" content=\"index, follow, max-snippet:-1, max-image-preview:large, max-video-preview:-1\" \/>\n<link rel=\"canonical\" href=\"https:\/\/hotelitolossuenos.com\/es\/prices\/\" \/>\n<meta property=\"og:locale\" content=\"es_MX\" \/>\n<meta property=\"og:type\" content=\"article\" \/>\n<meta property=\"og:title\" content=\"Prices - Hotelito Los Sue&ntilde;os\" \/>\n<meta property=\"og:description\" content=\"Prices Yoga for guests 50% off all yoga classes and passes. Stay 5 nights or more and receive 1 free yoga class.Note: Only booking directly with hotelito, does not apply for OTA\u2019s https:\/\/hotelitolossuenos.com\/wp-content\/uploads\/2024\/09\/Yoga-02.mp4https:\/\/hotelitolossuenos.com\/wp-content\/uploads\/2024\/09\/Yoga-03.mp4 Class pass Drop In: Cash $250 m\/n Credit Card $275 m\/n Five Class Pass: Cash $1,000 m\/n Credit Card $1,100 m\/nValid for ...\" \/>\n<meta property=\"og:url\" content=\"https:\/\/hotelitolossuenos.com\/es\/prices\/\" \/>\n<meta property=\"og:site_name\" content=\"Hotelito Los Sue&ntilde;os\" \/>\n<meta property=\"article:modified_time\" content=\"2025-10-02T02:19:37+00:00\" \/>\n<meta property=\"og:image\" content=\"https:\/\/hotelitolossuenos.com\/wp-content\/uploads\/2024\/08\/Banner-Yoga_resized-1024x555.jpg\" \/>\n\t<meta property=\"og:image:width\" content=\"1024\" \/>\n\t<meta property=\"og:image:height\" content=\"555\" \/>\n\t<meta property=\"og:image:type\" content=\"image\/jpeg\" \/>\n<meta name=\"twitter:card\" content=\"summary_large_image\" \/>\n<meta name=\"twitter:label1\" content=\"Tiempo de lectura\" \/>\n\t<meta name=\"twitter:data1\" content=\"1 minuto\" \/>\n<script type=\"application\/ld+json\" class=\"yoast-schema-graph\">{\"@context\":\"https:\\\/\\\/schema.org\",\"@graph\":[{\"@type\":\"WebPage\",\"@id\":\"https:\\\/\\\/hotelitolossuenos.com\\\/prices\\\/\",\"url\":\"https:\\\/\\\/hotelitolossuenos.com\\\/prices\\\/\",\"name\":\"Prices - Hotelito Los Sue&ntilde;os\",\"isPartOf\":{\"@id\":\"https:\\\/\\\/hotelitolossuenos.com\\\/#website\"},\"primaryImageOfPage\":{\"@id\":\"https:\\\/\\\/hotelitolossuenos.com\\\/prices\\\/#primaryimage\"},\"image\":{\"@id\":\"https:\\\/\\\/hotelitolossuenos.com\\\/prices\\\/#primaryimage\"},\"thumbnailUrl\":\"https:\\\/\\\/hotelitolossuenos.com\\\/wp-content\\\/uploads\\\/2024\\\/08\\\/Banner-Yoga_resized.jpg\",\"datePublished\":\"2024-10-06T03:22:56+00:00\",\"dateModified\":\"2025-10-02T02:19:37+00:00\",\"breadcrumb\":{\"@id\":\"https:\\\/\\\/hotelitolossuenos.com\\\/prices\\\/#breadcrumb\"},\"inLanguage\":\"es\",\"potentialAction\":[{\"@type\":\"ReadAction\",\"target\":[\"https:\\\/\\\/hotelitolossuenos.com\\\/prices\\\/\"]}]},{\"@type\":\"ImageObject\",\"inLanguage\":\"es\",\"@id\":\"https:\\\/\\\/hotelitolossuenos.com\\\/prices\\\/#primaryimage\",\"url\":\"https:\\\/\\\/hotelitolossuenos.com\\\/wp-content\\\/uploads\\\/2024\\\/08\\\/Banner-Yoga_resized.jpg\",\"contentUrl\":\"https:\\\/\\\/hotelitolossuenos.com\\\/wp-content\\\/uploads\\\/2024\\\/08\\\/Banner-Yoga_resized.jpg\",\"width\":2500,\"height\":1356},{\"@type\":\"BreadcrumbList\",\"@id\":\"https:\\\/\\\/hotelitolossuenos.com\\\/prices\\\/#breadcrumb\",\"itemListElement\":[{\"@type\":\"ListItem\",\"position\":1,\"name\":\"Home\",\"item\":\"https:\\\/\\\/hotelitolossuenos.com\\\/\"},{\"@type\":\"ListItem\",\"position\":2,\"name\":\"Prices\"}]},{\"@type\":\"WebSite\",\"@id\":\"https:\\\/\\\/hotelitolossuenos.com\\\/#website\",\"url\":\"https:\\\/\\\/hotelitolossuenos.com\\\/\",\"name\":\"Hotelito Los Sue&ntilde;os\",\"description\":\"Hotelito Los Sue&ntilde;os\",\"publisher\":{\"@id\":\"https:\\\/\\\/hotelitolossuenos.com\\\/#organization\"},\"potentialAction\":[{\"@type\":\"SearchAction\",\"target\":{\"@type\":\"EntryPoint\",\"urlTemplate\":\"https:\\\/\\\/hotelitolossuenos.com\\\/?s={search_term_string}\"},\"query-input\":{\"@type\":\"PropertyValueSpecification\",\"valueRequired\":true,\"valueName\":\"search_term_string\"}}],\"inLanguage\":\"es\"},{\"@type\":\"Organization\",\"@id\":\"https:\\\/\\\/hotelitolossuenos.com\\\/#organization\",\"name\":\"Hotelito Los Sue&ntilde;os\",\"url\":\"https:\\\/\\\/hotelitolossuenos.com\\\/\",\"logo\":{\"@type\":\"ImageObject\",\"inLanguage\":\"es\",\"@id\":\"https:\\\/\\\/hotelitolossuenos.com\\\/#\\\/schema\\\/logo\\\/image\\\/\",\"url\":\"https:\\\/\\\/hotelitolossuenos.com\\\/wp-content\\\/uploads\\\/2023\\\/03\\\/logo_min.png\",\"contentUrl\":\"https:\\\/\\\/hotelitolossuenos.com\\\/wp-content\\\/uploads\\\/2023\\\/03\\\/logo_min.png\",\"width\":350,\"height\":278,\"caption\":\"Hotelito Los Sue&ntilde;os\"},\"image\":{\"@id\":\"https:\\\/\\\/hotelitolossuenos.com\\\/#\\\/schema\\\/logo\\\/image\\\/\"}}]}<\/script>\n<!-- \/ Yoast SEO plugin. -->","yoast_head_json":{"title":"Prices - Hotelito Los Sue&ntilde;os","robots":{"index":"index","follow":"follow","max-snippet":"max-snippet:-1","max-image-preview":"max-image-preview:large","max-video-preview":"max-video-preview:-1"},"canonical":"https:\/\/hotelitolossuenos.com\/es\/prices\/","og_locale":"es_MX","og_type":"article","og_title":"Prices - Hotelito Los Sue&ntilde;os","og_description":"Prices Yoga for guests 50% off all yoga classes and passes. Stay 5 nights or more and receive 1 free yoga class.Note: Only booking directly with hotelito, does not apply for OTA\u2019s https:\/\/hotelitolossuenos.com\/wp-content\/uploads\/2024\/09\/Yoga-02.mp4https:\/\/hotelitolossuenos.com\/wp-content\/uploads\/2024\/09\/Yoga-03.mp4 Class pass Drop In: Cash $250 m\/n Credit Card $275 m\/n Five Class Pass: Cash $1,000 m\/n Credit Card $1,100 m\/nValid for ...","og_url":"https:\/\/hotelitolossuenos.com\/es\/prices\/","og_site_name":"Hotelito Los Sue&ntilde;os","article_modified_time":"2025-10-02T02:19:37+00:00","og_image":[{"width":1024,"height":555,"url":"https:\/\/hotelitolossuenos.com\/wp-content\/uploads\/2024\/08\/Banner-Yoga_resized-1024x555.jpg","type":"image\/jpeg"}],"twitter_card":"summary_large_image","twitter_misc":{"Tiempo de lectura":"1 minuto"},"schema":{"@context":"https:\/\/schema.org","@graph":[{"@type":"WebPage","@id":"https:\/\/hotelitolossuenos.com\/prices\/","url":"https:\/\/hotelitolossuenos.com\/prices\/","name":"Prices - Hotelito Los Sue&ntilde;os","isPartOf":{"@id":"https:\/\/hotelitolossuenos.com\/#website"},"primaryImageOfPage":{"@id":"https:\/\/hotelitolossuenos.com\/prices\/#primaryimage"},"image":{"@id":"https:\/\/hotelitolossuenos.com\/prices\/#primaryimage"},"thumbnailUrl":"https:\/\/hotelitolossuenos.com\/wp-content\/uploads\/2024\/08\/Banner-Yoga_resized.jpg","datePublished":"2024-10-06T03:22:56+00:00","dateModified":"2025-10-02T02:19:37+00:00","breadcrumb":{"@id":"https:\/\/hotelitolossuenos.com\/prices\/#breadcrumb"},"inLanguage":"es","potentialAction":[{"@type":"ReadAction","target":["https:\/\/hotelitolossuenos.com\/prices\/"]}]},{"@type":"ImageObject","inLanguage":"es","@id":"https:\/\/hotelitolossuenos.com\/prices\/#primaryimage","url":"https:\/\/hotelitolossuenos.com\/wp-content\/uploads\/2024\/08\/Banner-Yoga_resized.jpg","contentUrl":"https:\/\/hotelitolossuenos.com\/wp-content\/uploads\/2024\/08\/Banner-Yoga_resized.jpg","width":2500,"height":1356},{"@type":"BreadcrumbList","@id":"https:\/\/hotelitolossuenos.com\/prices\/#breadcrumb","itemListElement":[{"@type":"ListItem","position":1,"name":"Home","item":"https:\/\/hotelitolossuenos.com\/"},{"@type":"ListItem","position":2,"name":"Prices"}]},{"@type":"WebSite","@id":"https:\/\/hotelitolossuenos.com\/#website","url":"https:\/\/hotelitolossuenos.com\/","name":"Hotelito Los Sue&ntilde;os","description":"Hotelito Los Sue&ntilde;os","publisher":{"@id":"https:\/\/hotelitolossuenos.com\/#organization"},"potentialAction":[{"@type":"SearchAction","target":{"@type":"EntryPoint","urlTemplate":"https:\/\/hotelitolossuenos.com\/?s={search_term_string}"},"query-input":{"@type":"PropertyValueSpecification","valueRequired":true,"valueName":"search_term_string"}}],"inLanguage":"es"},{"@type":"Organization","@id":"https:\/\/hotelitolossuenos.com\/#organization","name":"Hotelito Los Sue&ntilde;os","url":"https:\/\/hotelitolossuenos.com\/","logo":{"@type":"ImageObject","inLanguage":"es","@id":"https:\/\/hotelitolossuenos.com\/#\/schema\/logo\/image\/","url":"https:\/\/hotelitolossuenos.com\/wp-content\/uploads\/2023\/03\/logo_min.png","contentUrl":"https:\/\/hotelitolossuenos.com\/wp-content\/uploads\/2023\/03\/logo_min.png","width":350,"height":278,"caption":"Hotelito Los Sue&ntilde;os"},"image":{"@id":"https:\/\/hotelitolossuenos.com\/#\/schema\/logo\/image\/"}}]}},"_links":{"self":[{"href":"https:\/\/hotelitolossuenos.com\/es\/wp-json\/wp\/v2\/pages\/3609","targetHints":{"allow":["GET"]}}],"collection":[{"href":"https:\/\/hotelitolossuenos.com\/es\/wp-json\/wp\/v2\/pages"}],"about":[{"href":"https:\/\/hotelitolossuenos.com\/es\/wp-json\/wp\/v2\/types\/page"}],"author":[{"embeddable":true,"href":"https:\/\/hotelitolossuenos.com\/es\/wp-json\/wp\/v2\/users\/1"}],"replies":[{"embeddable":true,"href":"https:\/\/hotelitolossuenos.com\/es\/wp-json\/wp\/v2\/comments?post=3609"}],"version-history":[{"count":3,"href":"https:\/\/hotelitolossuenos.com\/es\/wp-json\/wp\/v2\/pages\/3609\/revisions"}],"predecessor-version":[{"id":4672,"href":"https:\/\/hotelitolossuenos.com\/es\/wp-json\/wp\/v2\/pages\/3609\/revisions\/4672"}],"wp:featuredmedia":[{"embeddable":true,"href":"https:\/\/hotelitolossuenos.com\/es\/wp-json\/wp\/v2\/media\/3197"}],"wp:attachment":[{"href":"https:\/\/hotelitolossuenos.com\/es\/wp-json\/wp\/v2\/media?parent=3609"}],"curies":[{"name":"wp","href":"https:\/\/api.w.org\/{rel}","templated":true}]}}